{"id":9,"date":"2018-12-09T15:13:51","date_gmt":"2018-12-09T14:13:51","guid":{"rendered":"http:\/\/brasseriedelozere-la48.fr\/?page_id=9"},"modified":"2019-01-02T11:24:14","modified_gmt":"2019-01-02T10:24:14","slug":"nos-bieres-2","status":"publish","type":"page","link":"https:\/\/brasseriedelozere-la48.fr\/?page_id=9","title":{"rendered":"Nos bi\u00e8res"},"content":{"rendered":"\n<p>Toutes nos bi\u00e8res sont artisanales, nous les brassons sur le Causse d&rsquo;Auge \u00e0 Mende. Elles sont toutes de haute fermentation et refermentation en bouteille avec l\u00e9ger d\u00e9p\u00f4t de levure en fond. Nos bi\u00e8res sont non filtr\u00e9es ni pasteuris\u00e9es, sans colorant (hormis notre Blonde LA48 aux fruits rouges) ni conservateur. Les conserver dans un endroit frais et debout de pr\u00e9f\u00e9rence.<\/p>\n\n\n\n<p><strong>Disponible en 33cl, 75 cl et f\u00fbt de 30l<\/strong><\/p>\n\n\n\n<figure class=\"wp-block-image is-resized\"><img loading=\"lazy\" src=\"https:\/\/brasseriedelozere-la48.fr\/wp-content\/uploads\/2018\/12\/01-Blonde-731x1024.jpg\" alt=\"\" class=\"wp-image-67\" width=\"183\" height=\"256\" srcset=\"https:\/\/brasseriedelozere-la48.fr\/wp-content\/uploads\/2018\/12\/01-Blonde-731x1024.jpg 731w, https:\/\/brasseriedelozere-la48.fr\/wp-content\/uploads\/2018\/12\/01-Blonde-214x300.jpg 214w, https:\/\/brasseriedelozere-la48.fr\/wp-content\/uploads\/2018\/12\/01-Blonde-768x1075.jpg 768w, https:\/\/brasseriedelozere-la48.fr\/wp-content\/uploads\/2018\/12\/01-Blonde.jpg 1800w\" sizes=\"(max-width: 183px) 100vw, 183px\" \/><\/figure>\n\n\n\n<p><strong>Blonde LA48<\/strong><\/p>\n\n\n<p>Blonde d\u2019une couleur jaune paille, d\u2019une mousse blanche. De tr\u00e8s fines bulles et d\u2019une faible amertume ce qui en fait une bi\u00e8re facile \u00e0 boire et tr\u00e8s rafraichissante.<\/p>\n<p><strong>Composition : <\/strong><\/p>\n<p>Eau, malts ( Pilsen, Munich et Froment), sucre, houblons ( Hersbrucker Hallertau et Strisselspalt), levure. Alcool 5% vol.<\/p>\n\n\n<figure class=\"wp-block-image is-resized\"><img loading=\"lazy\" src=\"https:\/\/brasseriedelozere-la48.fr\/wp-content\/uploads\/2018\/12\/02-Blanche-731x1024.jpg\" alt=\"\" class=\"wp-image-68\" width=\"183\" height=\"256\" srcset=\"https:\/\/brasseriedelozere-la48.fr\/wp-content\/uploads\/2018\/12\/02-Blanche-731x1024.jpg 731w, https:\/\/brasseriedelozere-la48.fr\/wp-content\/uploads\/2018\/12\/02-Blanche-214x300.jpg 214w, https:\/\/brasseriedelozere-la48.fr\/wp-content\/uploads\/2018\/12\/02-Blanche-768x1075.jpg 768w, https:\/\/brasseriedelozere-la48.fr\/wp-content\/uploads\/2018\/12\/02-Blanche.jpg 1800w\" sizes=\"(max-width: 183px) 100vw, 183px\" \/><\/figure>\n\n\n\n<p><strong>Blanche LA48<\/strong><\/p>\n\n\n\n<p>Blanche d\u2019une couleur jaune or, d\u2019une mousse blanche. Des bulles bien pr\u00e9sentes et d\u2019une faible amertume. Brass\u00e9e avec du malt d\u2019orge et du malt de bl\u00e9 ce qui lui apporte cette acidit\u00e9 commune aux bi\u00e8res blanches. Ainsi que de deux houblons dont le Styrian Golding qui lui procure cette typicit\u00e9 particuli\u00e8re, ce qui en fait une bi\u00e8re facile \u00e0 boire et tr\u00e8s rafraichissante.<\/p>\n\n\n\n<p><strong>Composition\n: <\/strong><\/p>\n\n\n\n<p>Eau, malts ( Pilsen et Froment),sucre, houblons ( Styrian Golding et Strisselspalt), levure. Alcool 5% vol.<\/p>\n\n\n\n<figure class=\"wp-block-image is-resized\"><img loading=\"lazy\" src=\"https:\/\/brasseriedelozere-la48.fr\/wp-content\/uploads\/2018\/12\/03-Ambre\u0301e-731x1024.jpg\" alt=\"\" class=\"wp-image-69\" width=\"183\" height=\"256\" srcset=\"https:\/\/brasseriedelozere-la48.fr\/wp-content\/uploads\/2018\/12\/03-Ambre\u0301e-731x1024.jpg 731w, https:\/\/brasseriedelozere-la48.fr\/wp-content\/uploads\/2018\/12\/03-Ambre\u0301e-214x300.jpg 214w, https:\/\/brasseriedelozere-la48.fr\/wp-content\/uploads\/2018\/12\/03-Ambre\u0301e-768x1075.jpg 768w, https:\/\/brasseriedelozere-la48.fr\/wp-content\/uploads\/2018\/12\/03-Ambre\u0301e.jpg 1800w\" sizes=\"(max-width: 183px) 100vw, 183px\" \/><\/figure>\n\n\n\n<p><strong>Ambr\u00e9e LA48<\/strong><\/p>\n\n\n\n<p>Ambr\u00e9e d\u2019une couleur roux clair , d\u2019une mousse fauve. De tr\u00e8s fines bulles et d\u2019une faible amertume. Brass\u00e9e avec du malt d\u2019orge et notamment d&rsquo;un malt torr\u00e9fi\u00e9 chocolat . Une bi\u00e8re tr\u00e8s douce et facile \u00e0 boire.<\/p>\n\n\n\n<p><strong>Composition\n: <\/strong><\/p>\n\n\n\n<p>Eau, malts ( Pilsen, Biscuit, Vienna, Munich et chocolat),sucre, houblons ( Saaz et Hersbrucker Hallertau), levure.Alcool 5% vol.<\/p>\n\n\n\n<figure class=\"wp-block-image is-resized\"><img loading=\"lazy\" src=\"https:\/\/brasseriedelozere-la48.fr\/wp-content\/uploads\/2018\/12\/04-Stout-731x1024.jpg\" alt=\"\" class=\"wp-image-70\" width=\"183\" height=\"256\" srcset=\"https:\/\/brasseriedelozere-la48.fr\/wp-content\/uploads\/2018\/12\/04-Stout-731x1024.jpg 731w, https:\/\/brasseriedelozere-la48.fr\/wp-content\/uploads\/2018\/12\/04-Stout-214x300.jpg 214w, https:\/\/brasseriedelozere-la48.fr\/wp-content\/uploads\/2018\/12\/04-Stout-768x1075.jpg 768w, https:\/\/brasseriedelozere-la48.fr\/wp-content\/uploads\/2018\/12\/04-Stout.jpg 1800w\" sizes=\"(max-width: 183px) 100vw, 183px\" \/><\/figure>\n\n\n\n<p><strong>Stout LA48<\/strong><\/p>\n\n\n\n<p>Stout de couleur noir , d\u2019une mousse fauve. De tr\u00e8s fines bulles et d\u2019une faible amertume. Brass\u00e9e avec du malt d\u2019orge et notamment d&rsquo;un malt torr\u00e9fi\u00e9 Black qui lui donne se go\u00fbt de moka. L\u00e9ger en bouche pour un stout.<\/p>\n\n\n\n<p><strong>Composition\n: <\/strong><\/p>\n\n\n\n<p>Eau, malts ( Pilsen, Cara Gold, Chocolat, Black, Sp\u00e9cial B et Biscuit),sucre, houblons ( Saaz et Styrian Golding), levure. Alcool 5% vol.<\/p>\n\n\n\n<figure class=\"wp-block-image is-resized\"><img loading=\"lazy\" src=\"https:\/\/brasseriedelozere-la48.fr\/wp-content\/uploads\/2019\/01\/05-IPA-731x1024.jpg\" alt=\"\" class=\"wp-image-267\" width=\"183\" height=\"256\" srcset=\"https:\/\/brasseriedelozere-la48.fr\/wp-content\/uploads\/2019\/01\/05-IPA-731x1024.jpg 731w, https:\/\/brasseriedelozere-la48.fr\/wp-content\/uploads\/2019\/01\/05-IPA-214x300.jpg 214w, https:\/\/brasseriedelozere-la48.fr\/wp-content\/uploads\/2019\/01\/05-IPA-768x1075.jpg 768w, https:\/\/brasseriedelozere-la48.fr\/wp-content\/uploads\/2019\/01\/05-IPA.jpg 1800w\" sizes=\"(max-width: 183px) 100vw, 183px\" \/><\/figure>\n\n\n\n<p><strong>IPA RED LA48<\/strong><\/p>\n\n\n\n<p>IPA de couleur ambr\u00e9e , d\u2019une mousse fauve et de tr\u00e8s fines bulles. India Pale Ale (<strong>IPA<\/strong>) est un style de <strong>bi\u00e8re<\/strong> \u00e0 fermentation haute d&rsquo;origine anglaise. Les <strong>IPA<\/strong> ont \u00e9t\u00e9 d\u00e9velopp\u00e9es au XVIII <sup>e<\/sup> si\u00e8cle pour l&rsquo;exportation, notamment pour approvisionner les troupes coloniales britanniques en Inde. Elles contiennent plus de houblon que les autres ales.<\/p>\n\n\n\n<p><strong>Composition\n: <\/strong><\/p>\n\n\n\n<p>Eau, malts ( Pilsen, Munich, Cara Ruby et Biscuit),sucre, houblons ( Summit, Centenial et Mosa\u00efc), levure. Alcool 5% vol.<\/p>\n\n\n\n<figure class=\"wp-block-image is-resized\"><img loading=\"lazy\" src=\"https:\/\/brasseriedelozere-la48.fr\/wp-content\/uploads\/2019\/01\/06-Triple-731x1024.jpg\" alt=\"\" class=\"wp-image-269\" width=\"183\" height=\"256\" srcset=\"https:\/\/brasseriedelozere-la48.fr\/wp-content\/uploads\/2019\/01\/06-Triple-731x1024.jpg 731w, https:\/\/brasseriedelozere-la48.fr\/wp-content\/uploads\/2019\/01\/06-Triple-214x300.jpg 214w, https:\/\/brasseriedelozere-la48.fr\/wp-content\/uploads\/2019\/01\/06-Triple-768x1075.jpg 768w, https:\/\/brasseriedelozere-la48.fr\/wp-content\/uploads\/2019\/01\/06-Triple.jpg 1800w\" sizes=\"(max-width: 183px) 100vw, 183px\" \/><\/figure>\n\n\n\n<p><strong>Triple LA48<\/strong><\/p>\n\n\n\n<p>De couleur jaune fonc\u00e9 d&rsquo;une mousse blanche et de fines bulles. Les caract\u00e9ristiques des triples sont dans leurs teneur en alcool plus \u00e9lev\u00e9 que les autres bi\u00e8res et une quantit\u00e9 de malt plus importante. Cela en fait une bi\u00e8re de d\u00e9gustation.<\/p>\n\n\n\n<p><strong>Composition\n: <\/strong><\/p>\n\n\n\n<p>Eau, malts ( Pilsen ),sucre, houblons ( Saaz et Hesbrucker Hallerteau  ), levure. Alcool 7% vol.<\/p>\n\n\n\n<figure class=\"wp-block-image is-resized\"><img loading=\"lazy\" src=\"https:\/\/brasseriedelozere-la48.fr\/wp-content\/uploads\/2019\/01\/07-Blonde-de-Printemps-731x1024.jpg\" alt=\"\" class=\"wp-image-270\" width=\"183\" height=\"256\" srcset=\"https:\/\/brasseriedelozere-la48.fr\/wp-content\/uploads\/2019\/01\/07-Blonde-de-Printemps-731x1024.jpg 731w, https:\/\/brasseriedelozere-la48.fr\/wp-content\/uploads\/2019\/01\/07-Blonde-de-Printemps-214x300.jpg 214w, https:\/\/brasseriedelozere-la48.fr\/wp-content\/uploads\/2019\/01\/07-Blonde-de-Printemps-768x1075.jpg 768w, https:\/\/brasseriedelozere-la48.fr\/wp-content\/uploads\/2019\/01\/07-Blonde-de-Printemps.jpg 1800w\" sizes=\"(max-width: 183px) 100vw, 183px\" \/><\/figure>\n\n\n\n<p><strong>Blonde de Printemps LA48<\/strong><\/p>\n\n\n\n<p><strong>Composition\n: <\/strong><\/p>\n\n\n\n<p>Eau, malts ( Pilsen, Munich, Froment blanc et Biscuit ),sucre, houblons ( Saaz ), levure. Alcool 5% vol.<\/p>\n\n\n\n<figure class=\"wp-block-image is-resized\"><img loading=\"lazy\" src=\"https:\/\/brasseriedelozere-la48.fr\/wp-content\/uploads\/2019\/01\/08-Blanche-Passion-731x1024.jpg\" alt=\"\" class=\"wp-image-268\" width=\"183\" height=\"256\" srcset=\"https:\/\/brasseriedelozere-la48.fr\/wp-content\/uploads\/2019\/01\/08-Blanche-Passion-731x1024.jpg 731w, https:\/\/brasseriedelozere-la48.fr\/wp-content\/uploads\/2019\/01\/08-Blanche-Passion-214x300.jpg 214w, https:\/\/brasseriedelozere-la48.fr\/wp-content\/uploads\/2019\/01\/08-Blanche-Passion-768x1075.jpg 768w, https:\/\/brasseriedelozere-la48.fr\/wp-content\/uploads\/2019\/01\/08-Blanche-Passion.jpg 1800w\" sizes=\"(max-width: 183px) 100vw, 183px\" \/><\/figure>\n\n\n\n<p><strong>Blanche Passion LA48<\/strong><br><\/p>\n\n\n\n<p><strong>Composition\n: <\/strong><\/p>\n\n\n\n<p>Eau, malts ( Pilsen et Froment blanc ),sucre, houblons ( Styrian Golding et Strisselspalt ), levure, ar\u00f4me fruit de la passion. Alcool 5% vol.<\/p>\n\n\n\n<figure class=\"wp-block-image is-resized\"><img loading=\"lazy\" src=\"https:\/\/brasseriedelozere-la48.fr\/wp-content\/uploads\/2019\/01\/09-Blonde-Fruits-Rouges-Pilou-728x1024.jpg\" alt=\"\" class=\"wp-image-273\" width=\"183\" height=\"256\" srcset=\"https:\/\/brasseriedelozere-la48.fr\/wp-content\/uploads\/2019\/01\/09-Blonde-Fruits-Rouges-Pilou-728x1024.jpg 728w, https:\/\/brasseriedelozere-la48.fr\/wp-content\/uploads\/2019\/01\/09-Blonde-Fruits-Rouges-Pilou-768x1080.jpg 768w\" sizes=\"(max-width: 183px) 100vw, 183px\" \/><\/figure>\n\n\n\n<p><strong>Blonde aux fruits rouges LA48<\/strong><br><\/p>\n\n\n\n<p><strong>Composition\n: <\/strong><\/p>\n\n\n\n<p>Eau, malts ( Pilsen, Munich et Froment blanc ),sucre, houblons ( Hesbrucker Hallerteau et Strisselspalt ), levure, ar\u00f4me fruits rouges. Alcool 5% vol.<\/p>\n\n\n\n<figure class=\"wp-block-image is-resized\"><img loading=\"lazy\" src=\"https:\/\/brasseriedelozere-la48.fr\/wp-content\/uploads\/2019\/01\/11-Blonde-dAutomne-731x1024.jpg\" alt=\"\" class=\"wp-image-271\" width=\"183\" height=\"256\" srcset=\"https:\/\/brasseriedelozere-la48.fr\/wp-content\/uploads\/2019\/01\/11-Blonde-dAutomne-731x1024.jpg 731w, https:\/\/brasseriedelozere-la48.fr\/wp-content\/uploads\/2019\/01\/11-Blonde-dAutomne-214x300.jpg 214w, https:\/\/brasseriedelozere-la48.fr\/wp-content\/uploads\/2019\/01\/11-Blonde-dAutomne-768x1075.jpg 768w, https:\/\/brasseriedelozere-la48.fr\/wp-content\/uploads\/2019\/01\/11-Blonde-dAutomne.jpg 1800w\" sizes=\"(max-width: 183px) 100vw, 183px\" \/><figcaption><br><\/figcaption><\/figure>\n\n\n\n<p><strong>Blonde d&rsquo;Automne \u00e0 la cr\u00e8me de marrons LA48<\/strong><br><\/p>\n\n\n\n<p><strong>Composition\n: <\/strong><\/p>\n\n\n\n<p>Eau, malts ( Pilsen, Munich et Froment blanc ),sucre, houblons ( Hesbrucker Hallerteau et Strisselspalt ), levure, ar\u00f4me cr\u00e8me de marrons. Alcool 5% vol.<\/p>\n\n\n\n<figure class=\"wp-block-image is-resized\"><img loading=\"lazy\" src=\"https:\/\/brasseriedelozere-la48.fr\/wp-content\/uploads\/2019\/01\/10-Ambr\u00e9e-\u00e0-la-liqueur-de-c\u00e8pes-724x1024.jpg\" alt=\"\" class=\"wp-image-272\" width=\"183\" height=\"256\"\/><\/figure>\n\n\n\n<p><strong>Ambr\u00e9e \u00e0 la liqueur de c\u00e8pes LA48<\/strong><br><\/p>\n\n\n\n<p><strong>Composition\n: <\/strong><\/p>\n\n\n\n<p>Eau, malts ( Pilsen, Biscuit, Vienna et Munich),sucre, houblons ( Saaz et Hersbrucker Hallertau ), levure, liqueur de c\u00e8pes.Alcool 5% vol.<\/p>\n\n\n\n<figure class=\"wp-block-image is-resized\"><img loading=\"lazy\" src=\"https:\/\/brasseriedelozere-la48.fr\/wp-content\/uploads\/2019\/01\/12-Ambr\u00e9e-dHiver-731x1024.jpg\" alt=\"\" class=\"wp-image-274\" width=\"183\" height=\"256\" srcset=\"https:\/\/brasseriedelozere-la48.fr\/wp-content\/uploads\/2019\/01\/12-Ambr\u00e9e-dHiver-731x1024.jpg 731w, https:\/\/brasseriedelozere-la48.fr\/wp-content\/uploads\/2019\/01\/12-Ambr\u00e9e-dHiver-214x300.jpg 214w, https:\/\/brasseriedelozere-la48.fr\/wp-content\/uploads\/2019\/01\/12-Ambr\u00e9e-dHiver-768x1075.jpg 768w, https:\/\/brasseriedelozere-la48.fr\/wp-content\/uploads\/2019\/01\/12-Ambr\u00e9e-dHiver.jpg 1800w\" sizes=\"(max-width: 183px) 100vw, 183px\" \/><\/figure>\n\n\n\n<p>Ambr\u00e9e d&rsquo;Hiver LA48<br><\/p>\n\n\n\n<p><strong>Composition\n: <\/strong><\/p>\n\n\n\n<p>Eau, malts ( Pilsen, Froment blanc, Cara Gold et Sp\u00e9cial B ),sucre, houblons ( Saaz et Hesbrucker Hallerteau ), levure. Alcool 5% vol.<\/p>\n","protected":false},"excerpt":{"rendered":"<p>Toutes nos bi\u00e8res sont artisanales, nous les brassons sur le Causse d&rsquo;Auge \u00e0 Mende. Elles sont toutes de haute fermentation et refermentation en bouteille avec&hellip;<\/p>\n","protected":false},"author":1,"featured_media":88,"parent":0,"menu_order":0,"comment_status":"closed","ping_status":"closed","template":"","meta":[],"_links":{"self":[{"href":"https:\/\/brasseriedelozere-la48.fr\/index.php?rest_route=\/wp\/v2\/pages\/9"}],"collection":[{"href":"https:\/\/brasseriedelozere-la48.fr\/index.php?rest_route=\/wp\/v2\/pages"}],"about":[{"href":"https:\/\/brasseriedelozere-la48.fr\/index.php?rest_route=\/wp\/v2\/types\/page"}],"author":[{"embeddable":true,"href":"https:\/\/brasseriedelozere-la48.fr\/index.php?rest_route=\/wp\/v2\/users\/1"}],"replies":[{"embeddable":true,"href":"https:\/\/brasseriedelozere-la48.fr\/index.php?rest_route=%2Fwp%2Fv2%2Fcomments&post=9"}],"version-history":[{"count":33,"href":"https:\/\/brasseriedelozere-la48.fr\/index.php?rest_route=\/wp\/v2\/pages\/9\/revisions"}],"predecessor-version":[{"id":342,"href":"https:\/\/brasseriedelozere-la48.fr\/index.php?rest_route=\/wp\/v2\/pages\/9\/revisions\/342"}],"wp:featuredmedia":[{"embeddable":true,"href":"https:\/\/brasseriedelozere-la48.fr\/index.php?rest_route=\/wp\/v2\/media\/88"}],"wp:attachment":[{"href":"https:\/\/brasseriedelozere-la48.fr\/index.php?rest_route=%2Fwp%2Fv2%2Fmedia&parent=9"}],"curies":[{"name":"wp","href":"https:\/\/api.w.org\/{rel}","templated":true}]}}